{"id":248,"date":"2021-08-10T19:19:22","date_gmt":"2021-08-10T17:19:22","guid":{"rendered":"https:\/\/www.profifix.sk\/?page_id=248"},"modified":"2021-08-10T20:07:28","modified_gmt":"2021-08-10T18:07:28","slug":"vseobecneobchodne-podmienky","status":"publish","type":"page","link":"https:\/\/www.profifix.sk\/index.php\/vseobecneobchodne-podmienky\/","title":{"rendered":"V\u0161eobecn\u00e9 obchodn\u00e9 podmienky"},"content":{"rendered":"\t\t<div data-elementor-type=\"wp-page\" data-elementor-id=\"248\" class=\"elementor elementor-248\">\n\t\t\t\t\t\t<section class=\"elementor-section elementor-top-section elementor-element elementor-element-58db5da elementor-section-boxed elementor-section-height-default elementor-section-height-default\" data-id=\"58db5da\" data-element_type=\"section\">\n\t\t\t\t\t\t<div class=\"elementor-container elementor-column-gap-default\">\n\t\t\t\t\t<div class=\"elementor-column elementor-col-100 elementor-top-column elementor-element elementor-element-3878bd1\" data-id=\"3878bd1\" data-element_type=\"column\">\n\t\t\t<div class=\"elementor-widget-wrap elementor-element-populated\">\n\t\t\t\t\t\t<div class=\"elementor-element elementor-element-a87ff39 elementor-widget elementor-widget-text-editor\" data-id=\"a87ff39\" data-element_type=\"widget\" data-widget_type=\"text-editor.default\">\n\t\t\t\t<div class=\"elementor-widget-container\">\n\t\t\t<style>\/*! elementor - v3.19.0 - 26-02-2024 *\/\n.elementor-widget-text-editor.elementor-drop-cap-view-stacked .elementor-drop-cap{background-color:#69727d;color:#fff}.elementor-widget-text-editor.elementor-drop-cap-view-framed .elementor-drop-cap{color:#69727d;border:3px solid;background-color:transparent}.elementor-widget-text-editor:not(.elementor-drop-cap-view-default) .elementor-drop-cap{margin-top:8px}.elementor-widget-text-editor:not(.elementor-drop-cap-view-default) .elementor-drop-cap-letter{width:1em;height:1em}.elementor-widget-text-editor .elementor-drop-cap{float:left;text-align:center;line-height:1;font-size:50px}.elementor-widget-text-editor .elementor-drop-cap-letter{display:inline-block}<\/style>\t\t\t\t<p>V\u0161eobecn\u00e9 obchodn\u00e9 podmienky<\/p>\t\t\t\t\t\t<\/div>\n\t\t\t\t<\/div>\n\t\t\t\t\t<\/div>\n\t\t<\/div>\n\t\t\t\t\t<\/div>\n\t\t<\/section>\n\t\t\t\t<section class=\"elementor-section elementor-top-section elementor-element elementor-element-a09b8e6 elementor-section-boxed elementor-section-height-default elementor-section-height-default\" data-id=\"a09b8e6\" data-element_type=\"section\">\n\t\t\t\t\t\t<div class=\"elementor-container elementor-column-gap-default\">\n\t\t\t\t\t<div class=\"elementor-column elementor-col-100 elementor-top-column elementor-element elementor-element-67716e4\" data-id=\"67716e4\" data-element_type=\"column\">\n\t\t\t<div class=\"elementor-widget-wrap elementor-element-populated\">\n\t\t\t\t\t\t<div class=\"elementor-element elementor-element-eb526c5 elementor-widget elementor-widget-text-editor\" data-id=\"eb526c5\" data-element_type=\"widget\" data-widget_type=\"text-editor.default\">\n\t\t\t\t<div class=\"elementor-widget-container\">\n\t\t\t\t\t\t\t<h2>1. V\u0160EOBECN\u00c9 USTANOVENIA<\/h2><p>Pred\u00e1vaj\u00facim a z\u00e1rove\u0148 prev\u00e1dzkovate\u013eom internetovej str\u00e1nky www.profifix.sk je Martin Porubsk\u00fd, I\u010cO: 53411153, so s\u00eddlom Hradn\u00e1 346\/30, 033 01 Liptovsk\u00fd Hr\u00e1dok, Slovensk\u00e1 republika.<\/p><p>Dod\u00e1vate\u013eom slu\u017eieb pon\u00fakan\u00fdch na internetovej str\u00e1nke\u00a0<span style=\"font-family: Roboto, sans-serif; font-size: 14px; font-style: normal; font-variant-ligatures: normal; font-variant-caps: normal; font-weight: 400;\">www.profifix.sk<\/span>\u00a0je Martin Porubsk\u00fd, I\u010cO:<span style=\"font-family: Roboto, sans-serif; font-size: 14px; font-style: normal; font-variant-ligatures: normal; font-variant-caps: normal; font-weight: 400;\">53411153<\/span>, so s\u00eddlom Hradn\u00e1 346\/30, 033 01 Liptovsk\u00fd Hr\u00e1dok, Slovensk\u00e1 republika.<\/p><p>Kupuj\u00facim, respekt\u00edve objedn\u00e1vate\u013eom, je ka\u017ed\u00fd n\u00e1v\u0161tevn\u00edk, ktor\u00fd prostredn\u00edctvom web str\u00e1nky<span style=\"font-family: Roboto, sans-serif; font-size: 14px; font-style: normal; font-variant-ligatures: normal; font-variant-caps: normal; font-weight: 400;\">www.profifix.sk<\/span>\u00a0vytvoril objedn\u00e1vku alebo registr\u00e1ciu. Slu\u017ebou s\u00fa v\u0161etky produkty zverejnen\u00e9 na str\u00e1nkach\u00a0<span style=\"font-family: Roboto, sans-serif; font-size: 14px; font-style: normal; font-variant-ligatures: normal; font-variant-caps: normal; font-weight: 400; color: var( --e-global-color-text );\">www.profifix.sk<\/span><\/p><p>Objedn\u00e1vka vznik\u00e1 potvrden\u00edm procesu objedn\u00e1vania alebo registr\u00e1cie na webovej str\u00e1nke\u00a0<span style=\"font-family: Roboto, sans-serif; font-size: 14px; font-style: normal; font-variant-ligatures: normal; font-variant-caps: normal; font-weight: 400;\">www.profifix.sk<\/span>\u00a0v\u00fdberom slu\u017eieb kupuj\u00facim vr\u00e1tane kompletn\u00e9ho vyplnenia objedn\u00e1vkov\u00e9ho alebo registra\u010dn\u00e9ho formul\u00e1ra. Kupuj\u00faci plne uzn\u00e1va elektronick\u00fa komunik\u00e1ciu, predov\u0161etk\u00fdm prostredn\u00edctvom webovej str\u00e1nky\u00a0<span style=\"font-family: Roboto, sans-serif; font-size: 14px; font-style: normal; font-variant-ligatures: normal; font-variant-caps: normal; font-weight: 400;\">www.profifix.sk<\/span>, e-mailovej komunik\u00e1cie, ako aj telefonickej komunik\u00e1cie.<\/p><h2>2. PREDMET A UZATVORENIE K\u00daPNEJ ZMLUVY<\/h2><p>Predmetom k\u00fapnej zmluvy je poskytnutie slu\u017eieb \u2013 mont\u00e1\u017e, opravy a\/alebo servis elektrick\u00fdch a\/alebo plynov\u00fdch zariaden\u00ed<\/p><p>Potvrden\u00edm objedn\u00e1vky, resp. poskytnut\u00edm fakt\u00fary zo strany pred\u00e1vaj\u00faceho vznik\u00e1 k\u00fapna zmluva, ktor\u00fa je mo\u017en\u00e9 meni\u0165, ru\u0161i\u0165 alebo dop\u013a\u0148a\u0165 len na z\u00e1klade vz\u00e1jomnej dohody medzi kupuj\u00facim a pred\u00e1vaj\u00facim, ak z\u00e1kon alebo in\u00fd pr\u00e1vny predpis neustanovuje inak. Kupuj\u00faci je odoslan\u00edm objedn\u00e1vky viazan\u00fd k zaplateniu k\u00fapnej ceny objednanej slu\u017eby.<\/p><p>Uzavret\u00edm k\u00fapnej zmluvy kupuj\u00faci potvrdzuje, \u017ee sa zozn\u00e1mil s t\u00fdmito obchodn\u00fdmi podmienkami a \u017ee s nimi s\u00fahlas\u00ed. Pred\u00e1vaj\u00faci potvrdzuje, \u017ee poskytne kupuj\u00facemu slu\u017eby v dohodnutom rozsahu. Na tieto obchodn\u00e9 podmienky je kupuj\u00faci dostato\u010dn\u00fdm sp\u00f4sobom pred vlastn\u00fdm uskuto\u010dnen\u00edm objedn\u00e1vky upozornen\u00fd a m\u00e1 mo\u017enos\u0165 sa s nimi obozn\u00e1mi\u0165. Tieto obchodn\u00e9 podmienky tvoria neoddelite\u013en\u00fa s\u00fa\u010das\u0165 uzavretej zmluvy.<\/p><h3>Objedn\u00e1vka a registr\u00e1cia<\/h3><p>Objedn\u00e1vka vznik\u00e1 potvrden\u00edm procesu objedn\u00e1vania \u010di registr\u00e1cie na webovej str\u00e1nke\u00a0<span style=\"font-family: Roboto, sans-serif; font-size: 14px; font-style: normal; font-variant-ligatures: normal; font-variant-caps: normal; font-weight: 400;\">www.profifix.sk<\/span>, v\u00fdberom produktov kupuj\u00facim, vr\u00e1tane kompletn\u00e9ho vyplnenia objedn\u00e1vkov\u00e9ho formul\u00e1ra. Pre korektn\u00e9 vybavenie objedn\u00e1vky je potrebn\u00e9 vyplni\u0165 po\u017eadovan\u00e9 \u00fadaje v objedn\u00e1vke. Prihl\u00e1senia s\u00fa realizovan\u00e9 pod\u013ea poradia.\u00a0<\/p><p>Po odoslan\u00ed objedn\u00e1vky bude objedn\u00e1vate\u013e n\u00e1sledne kontaktovan\u00fd pre dohodnutie konkr\u00e9tnost\u00ed pre dan\u00fa objedn\u00e1vku. Kontakt je realizovan\u00fd prostredn\u00edsctvom kontakn\u00fdch kan\u00e1lov uveden\u00fdch v objedn\u00e1vkovom formul\u00e1ri.<\/p><h2>3. CENA, PLATOBN\u00c9 A DODACIE PODMIENKY<\/h2><h3>Cena<\/h3><p>Nie sme platcom DPH. V\u0161etky ceny za vykonan\u00e9 pr\u00e1ce sa zhodnocuj\u00fa pod\u013ea po\u017eadovan\u00fdch pr\u00e1c objednan\u00fdch objedn\u00e1vate\u013eom.\u00a0<\/p><h3>Platobn\u00e9 podmienky a mo\u017enosti platby<\/h3><p>Kupuj\u00faci hrad\u00ed za objednan\u00e9 pr\u00e1ce po ich ukon\u010den\u00ed ak sa s pred\u00e1vaj\u00facim nedohodn\u00fa inak. Za produkty je mo\u017en\u00e9 plati\u0165 iba<span style=\"font-size: 14px; color: var( --e-global-color-text );\">\u00a0v hotovosti<\/span><\/p><h3>Dodacie podmienky<\/h3><p>Pred\u00e1vaj\u00faci je povinn\u00fd poskytn\u00fa\u0165 dohodnut\u00e9 slu\u017eby \u2013 uskuto\u010dni\u0165 osobn\u00e9 stretnutie, alebo poskytn\u00fa\u0165 stretnutie pomocou elektronickej komunik\u00e1cie s kupuj\u00facim v dohodnutom d\u00e1tume v objedn\u00e1vke, alebo v inom d\u00e1tume na z\u00e1klade dohody s kupuj\u00facim.<\/p><h3>Zmeny v pon\u00fakan\u00fdch slu\u017eb\u00e1ch<\/h3><p>Pred\u00e1vaj\u00faci si vyhradzuje pr\u00e1vo na organiza\u010dne podmienen\u00e9 zmeny vo vykonan\u00ed objednan\u00fdch pr\u00e1c.<\/p><h2>4. ZRU\u0160ENIE OBJEDN\u00c1VKY<\/h2><p>Pre zru\u0161enie objedn\u00e1vky platia pr\u00edslu\u0161n\u00e9 ustanovenia platn\u00fdch pr\u00e1vnych predpisov Slovenskej republiky. Objedn\u00e1vate\u013e m\u00e1, na z\u00e1klade z\u00e1kona \u010d. 102\/2014 Z. z. o ochrane spotrebite\u013ea pri predaji tovaru alebo poskytovan\u00ed slu\u017eieb na z\u00e1klade zmluvy uzavretej na dia\u013eku alebo zmluvy uzavretej mimo prev\u00e1dzkov\u00fdch priestorov pred\u00e1vaj\u00faceho a o zmene a doplnen\u00ed niektor\u00fdch z\u00e1konov (\u010falej len ako \u201eZ\u00e1kon\u201c) pod\u013ea ustanoven\u00ed \u00a7 7 ods. 6 p\u00edsmeno a) a nasleduj\u00facich, pr\u00e1vo odst\u00fapi\u0165 od k\u00fapnej zmluvy bez udania d\u00f4vodu do 14 kalend\u00e1rnych dn\u00ed odo d\u0148a vytvorenia objedn\u00e1vky.<\/p><p>Odst\u00fapenie je mo\u017en\u00e9 vykona\u0165 elektronickou formou na e-mail: profifix.sk@gmail.com<br \/>vyhl\u00e1sen\u00edm, \u017ee objedn\u00e1vate\u013e odstupuje od zmluvy uzatvorenej na dia\u013eku.<\/p><h3>Odst\u00fapenie od zmluvy zo strany pred\u00e1vaj\u00faceho<\/h3><p>Pred\u00e1vaj\u00faci je opr\u00e1vnen\u00fd zru\u0161i\u0165 objedn\u00e1vku bez zbyto\u010dn\u00e9ho odkladu, pokia\u013e nieje v jeho moci objednan\u00e9 pr\u00e1ce vykona\u0165.<\/p><h2>5. REKLAM\u00c1CIA<\/h2><p>Reklam\u00e1cia slu\u017eby mus\u00ed obsahova\u0165 v\u017edy konkr\u00e9tny a vecn\u00fd popis reklamovanej skuto\u010dnosti. Reklam\u00e1ciu je mo\u017en\u00e9 vykona\u0165 prostredn\u00edctvom e-mailu na e-mailov\u00fa adresu prev\u00e1dzkovate\u013ea:\u00a0<span style=\"font-family: Roboto, sans-serif; font-size: 14px; font-style: normal; font-variant-ligatures: normal; font-variant-caps: normal; font-weight: 400;\">profifix.sk@gmail.com<\/span>\u00a0a to do 14 dn\u00ed odo d\u0148a dodania slu\u017eby.<br \/>Poskytovate\u013e slu\u017eby sa zav\u00e4zuje ozn\u00e1mi\u0165 v\u00fdsledok vybavenia reklam\u00e1cie do 14 dn\u00ed odo d\u0148a jej prevzatia. V pr\u00edpade opodstatnenej a poskytovate\u013eom slu\u017eby uznanej reklam\u00e1cie sa s klientom individu\u00e1lne dohodn\u00fa na n\u00e1hrade reklamovanej slu\u017eby, resp. \u010fal\u0161om postupe.<\/p><h2>6. N\u00c1HRADA \u0160KODY PRI NEPREVZAT\u00cd SLU\u017dBY<\/h2><p>Pred\u00e1vaj\u00faci m\u00e1 pr\u00e1vo na n\u00e1hradu \u0161kody (pod\u013ea ust. \u00a7 420 a nasl. Ob\u010dianskeho z\u00e1konn\u00edka), v pr\u00edpade \u017ee si kupuj\u00faci objednal slu\u017ebu, ktor\u00fa nestornoval a z\u00e1rove\u0148 nezaplatil dohodnut\u00fa k\u00fapnu cenu. T\u00fdmto konan\u00edm kupuj\u00faci poru\u0161il svoju povinnos\u0165 uveden\u00fa v \u010dasti Platobn\u00e9 podmienky a mo\u017enosti platby, pod\u013ea ktorej je kupuj\u00faci povinn\u00fd zaplati\u0165 dohodnut\u00fa sumu.<\/p><p>Pri ur\u010dovan\u00ed v\u00fd\u0161ky n\u00e1hrady \u0161kody, pred\u00e1vaj\u00faci berie do \u00favahy predov\u0161etk\u00fdm administr\u00e1ciu objedn\u00e1vky, ako aj v\u0161etky ostatn\u00e9 n\u00e1klady, ktor\u00e9 mu vznikli s realiz\u00e1ciou predmetnej objedn\u00e1vky a z\u00e1rove\u0148 m\u00e1 pr\u00e1vo si \u00fa\u010dtova\u0165 i u\u0161l\u00fd zisk. Pred\u00e1vaj\u00faci m\u00e1 pr\u00e1vo aj neuplatni\u0165 si pr\u00e1vo na n\u00e1hradu \u0161kody alebo si uplatni\u0165 toto pr\u00e1vo len z \u010dasti.<\/p><h3>7. Z\u00c1RU\u010cN\u00c9 PODMIENKY<\/h3><p>Z\u00e1ru\u010dn\u00e9 podmienky sa sa riadia pod\u013ea platn\u00fdch pr\u00e1vnych predpisov obchodn\u00e9ho z\u00e1konn\u00edka.<\/p><h2>8. Z\u00c1VERE\u010cN\u00c9 USTANOVENIA<\/h2><p>Pred\u00e1vaj\u00faci si vyhradzuje pr\u00e1vo meni\u0165 a dop\u013a\u0148a\u0165 tieto v\u0161eobecn\u00e9 obchodn\u00e9 podmienky aj bez predch\u00e1dzaj\u00faceho upozornenia kupuj\u00faceho. V pr\u00edpade zmeny v\u0161eobecn\u00fdch obchodn\u00fdch podmienok sa riadi cel\u00fd proces n\u00e1kupu prostredn\u00edctvom t\u00fdch v\u0161eobecn\u00fdch obchodn\u00fdch podmienok, ktor\u00e9 boli platn\u00e9 v momente odoslania objedn\u00e1vky kupuj\u00facim, a tieto s\u00fa pr\u00edstupn\u00e9 na internetovej str\u00e1nke pred\u00e1vaj\u00faceho. Odoslan\u00edm objedn\u00e1vky kupuj\u00faci potvrdzuje, \u017ee si pre\u010d\u00edtal v\u0161eobecn\u00e9 obchodn\u00e9 podmienky a s\u00fahlas\u00ed s ich znen\u00edm.<\/p><p>Tieto v\u0161eobecn\u00e9 obchodn\u00e9 podmienky s\u00fa zverejnen\u00e9 na internetovej str\u00e1nke\u00a0<span style=\"font-family: Roboto, sans-serif; font-size: 14px; font-style: normal; font-variant-ligatures: normal; font-variant-caps: normal; font-weight: 400; color: var( --e-global-color-text );\">www.profifix.sk<\/span><\/p><p>Inak neupraven\u00e9 vz\u0165ahy v t\u00fdchto v\u0161eobecn\u00fdch obchodn\u00fdch podmienkach ako v ich neoddelite\u013en\u00fdch s\u00fa\u010dastiach (pr\u00edloh\u00e1ch) sa riadia pod\u013ea pr\u00edslu\u0161n\u00fdch ustanoven\u00ed predov\u0161etk\u00fdm Z\u00e1kona \u010d. 185\/2015 Z.z., Z\u00e1kona \u010d. 40\/1964 Zb., Z\u00e1kona \u010d. 250\/2007 Z.z., Z\u00e1kona \u010d. 102\/2014 Z.z., Z\u00e1kona \u010d. 122\/2013 Z.z., Z\u00e1kona \u010d. 22\/2004 Z.z. ako aj Z\u00e1kona \u010d. 513\/1991 Z.z.<\/p><p>Tieto v\u0161eobecn\u00e9 obchodn\u00e9 podmienky nadob\u00fadaj\u00fa platnos\u0165 a \u00fa\u010dinnos\u0165 1. j\u00fala 2021.<\/p><p>V Liptovskom Hr\u00e1dku d\u0148a 1. j\u00fala 2021<\/p><p><span style=\"font-family: Roboto, sans-serif; font-size: 14px; font-style: normal; font-variant-ligatures: normal; font-variant-caps: normal; font-weight: 400;\">Martin Porubsk\u00fd<\/span><\/p>\t\t\t\t\t\t<\/div>\n\t\t\t\t<\/div>\n\t\t\t\t\t<\/div>\n\t\t<\/div>\n\t\t\t\t\t<\/div>\n\t\t<\/section>\n\t\t\t\t<\/div>\n\t\t","protected":false},"excerpt":{"rendered":"<p>V\u0161eobecn\u00e9 obchodn\u00e9 podmienky 1. V\u0160EOBECN\u00c9 USTANOVENIA Pred\u00e1vaj\u00facim a z\u00e1rove\u0148 prev\u00e1dzkovate\u013eom internetovej str\u00e1nky www.profifix.sk je Martin Porubsk\u00fd, I\u010cO: 53411153, so s\u00eddlom Hradn\u00e1 346\/30, 033 01 Liptovsk\u00fd Hr\u00e1dok, Slovensk\u00e1 republika. Dod\u00e1vate\u013eom slu\u017eieb pon\u00fakan\u00fdch na internetovej str\u00e1nke\u00a0www.profifix.sk\u00a0je Martin Porubsk\u00fd, I\u010cO:53411153, so s\u00eddlom Hradn\u00e1 346\/30, 033 01 Liptovsk\u00fd Hr\u00e1dok, Slovensk\u00e1 republika. Kupuj\u00facim, respekt\u00edve objedn\u00e1vate\u013eom, je ka\u017ed\u00fd n\u00e1v\u0161tevn\u00edk, ktor\u00fd prostredn\u00edctvom [&hellip;]<\/p>\n","protected":false},"author":1,"featured_media":0,"parent":0,"menu_order":0,"comment_status":"closed","ping_status":"closed","template":"elementor_header_footer","meta":{"footnotes":""},"class_list":["post-248","page","type-page","status-publish","hentry","entry"],"_links":{"self":[{"href":"https:\/\/www.profifix.sk\/index.php\/wp-json\/wp\/v2\/pages\/248","targetHints":{"allow":["GET"]}}],"collection":[{"href":"https:\/\/www.profifix.sk\/index.php\/wp-json\/wp\/v2\/pages"}],"about":[{"href":"https:\/\/www.profifix.sk\/index.php\/wp-json\/wp\/v2\/types\/page"}],"author":[{"embeddable":true,"href":"https:\/\/www.profifix.sk\/index.php\/wp-json\/wp\/v2\/users\/1"}],"replies":[{"embeddable":true,"href":"https:\/\/www.profifix.sk\/index.php\/wp-json\/wp\/v2\/comments?post=248"}],"version-history":[{"count":11,"href":"https:\/\/www.profifix.sk\/index.php\/wp-json\/wp\/v2\/pages\/248\/revisions"}],"predecessor-version":[{"id":266,"href":"https:\/\/www.profifix.sk\/index.php\/wp-json\/wp\/v2\/pages\/248\/revisions\/266"}],"wp:attachment":[{"href":"https:\/\/www.profifix.sk\/index.php\/wp-json\/wp\/v2\/media?parent=248"}],"curies":[{"name":"wp","href":"https:\/\/api.w.org\/{rel}","templated":true}]}}